{"id":340,"date":"2026-01-27T11:02:32","date_gmt":"2026-01-27T11:02:32","guid":{"rendered":"https:\/\/dreamphone.pl\/?page_id=340"},"modified":"2026-01-27T11:02:35","modified_gmt":"2026-01-27T11:02:35","slug":"zwroty-2","status":"publish","type":"page","link":"https:\/\/dreamphone.pl\/index.php\/zwroty-2\/","title":{"rendered":"Zwroty"},"content":{"rendered":"\n<p>SZCZEG\u00d3\u0141Y ZWROT\u00d3W<\/p>\n\n\n\n<p>Szczeg\u00f3\u0142y Zwrot\u00f3w (odst\u0105pienie od umowy)<\/p>\n\n\n\n<ul class=\"wp-block-list\">\n<li>Zwrot mo\u017cliwy w ci\u0105gu 14 dni kalendarzowych od otrzymania towaru (Konsument i przedsi\u0119biorca uprzywilejowany).<\/li>\n\n\n\n<li>O\u015bwiadczenie wy\u015blij na: ottimotradeiphone@gmail.com (mo\u017cesz u\u017cy\u0107 wzoru z Regulaminu).<\/li>\n\n\n\n<li>Adres zwrotu: OttimoTrade S\u0142awomir \u017bak (zwroty), ul. Mickiewicza 35, 34-130 Kalwaria Zebrzydowska.<\/li>\n\n\n\n<li>Stan zwracanego towaru: mo\u017cesz sprawdzi\u0107 produkt tak, jak w sklepie stacjonarnym. Odpowiadasz za zmniejszenie warto\u015bci rzeczy wynikaj\u0105ce z u\u017cycia wykraczaj\u0105cego poza ten zakres.<\/li>\n\n\n\n<li>Zwrot \u015brodk\u00f3w: do 14 dni od otrzymania o\u015bwiadczenia, z prawem Sprzedawcy do wstrzymania zwrotu do chwili otrzymania rzeczy lub dowodu jej odes\u0142ania.<\/li>\n\n\n\n<li>Zwrot p\u0142atno\u015bci tym samym kana\u0142em, chyba \u017ce uzgodnimy inaczej.<\/li>\n\n\n\n<li>Wy\u0142\u0105czenia ustawowe (art. 38 UoPK) \u2013 np. rzeczy zapiecz\u0119towane po otwarciu z przyczyn higienicznych (je\u015bli dotyczy danego produktu).<\/li>\n<\/ul>\n\n\n\n<p><\/p>\n","protected":false},"excerpt":{"rendered":"<p>SZCZEG\u00d3\u0141Y ZWROT\u00d3W Szczeg\u00f3\u0142y Zwrot\u00f3w (odst\u0105pienie od umowy)<\/p>\n","protected":false},"author":1,"featured_media":0,"parent":0,"menu_order":0,"comment_status":"closed","ping_status":"closed","template":"","meta":{"_uag_custom_page_level_css":"","site-sidebar-layout":"default","site-content-layout":"","ast-site-content-layout":"default","site-content-style":"default","site-sidebar-style":"default","ast-global-header-display":"","ast-banner-title-visibility":"","ast-main-header-display":"","ast-hfb-above-header-display":"","ast-hfb-below-header-display":"","ast-hfb-mobile-header-display":"","site-post-title":"","ast-breadcrumbs-content":"","ast-featured-img":"","footer-sml-layout":"","ast-disable-related-posts":"","theme-transparent-header-meta":"","adv-header-id-meta":"","stick-header-meta":"","header-above-stick-meta":"","header-main-stick-meta":"","header-below-stick-meta":"","astra-migrate-meta-layouts":"default","ast-page-background-enabled":"default","ast-page-background-meta":{"desktop":{"background-color":"var(--ast-global-color-5)","background-image":"","background-repeat":"repeat","background-position":"center center","background-size":"auto","background-attachment":"scroll","background-type":"","background-media":"","overlay-type":"","overlay-color":"","overlay-opacity":"","overlay-gradient":""},"tablet":{"background-color":"","background-image":"","background-repeat":"repeat","background-position":"center center","background-size":"auto","background-attachment":"scroll","background-type":"","background-media":"","overlay-type":"","overlay-color":"","overlay-opacity":"","overlay-gradient":""},"mobile":{"background-color":"","background-image":"","background-repeat":"repeat","background-position":"center center","background-size":"auto","background-attachment":"scroll","background-type":"","background-media":"","overlay-type":"","overlay-color":"","overlay-opacity":"","overlay-gradient":""}},"ast-content-background-meta":{"desktop":{"background-color":"var(--ast-global-color-4)","background-image":"","background-repeat":"repeat","background-position":"center center","background-size":"auto","background-attachment":"scroll","background-type":"","background-media":"","overlay-type":"","overlay-color":"","overlay-opacity":"","overlay-gradient":""},"tablet":{"background-color":"var(--ast-global-color-4)","background-image":"","background-repeat":"repeat","background-position":"center center","background-size":"auto","background-attachment":"scroll","background-type":"","background-media":"","overlay-type":"","overlay-color":"","overlay-opacity":"","overlay-gradient":""},"mobile":{"background-color":"var(--ast-global-color-4)","background-image":"","background-repeat":"repeat","background-position":"center center","background-size":"auto","background-attachment":"scroll","background-type":"","background-media":"","overlay-type":"","overlay-color":"","overlay-opacity":"","overlay-gradient":""}},"footnotes":""},"class_list":["post-340","page","type-page","status-publish","hentry"],"uagb_featured_image_src":{"full":false,"thumbnail":false,"medium":false,"medium_large":false,"large":false,"1536x1536":false,"2048x2048":false,"woocommerce_thumbnail":false,"woocommerce_single":false,"woocommerce_gallery_thumbnail":false,"variation_swatches_image_size":false,"variation_swatches_tooltip_size":false},"uagb_author_info":{"display_name":"admin","author_link":"https:\/\/dreamphone.pl\/index.php\/author\/admin\/"},"uagb_comment_info":0,"uagb_excerpt":"SZCZEG\u00d3\u0141Y ZWROT\u00d3W Szczeg\u00f3\u0142y Zwrot\u00f3w (odst\u0105pienie od umowy)","_links":{"self":[{"href":"https:\/\/dreamphone.pl\/index.php\/wp-json\/wp\/v2\/pages\/340","targetHints":{"allow":["GET"]}}],"collection":[{"href":"https:\/\/dreamphone.pl\/index.php\/wp-json\/wp\/v2\/pages"}],"about":[{"href":"https:\/\/dreamphone.pl\/index.php\/wp-json\/wp\/v2\/types\/page"}],"author":[{"embeddable":true,"href":"https:\/\/dreamphone.pl\/index.php\/wp-json\/wp\/v2\/users\/1"}],"replies":[{"embeddable":true,"href":"https:\/\/dreamphone.pl\/index.php\/wp-json\/wp\/v2\/comments?post=340"}],"version-history":[{"count":1,"href":"https:\/\/dreamphone.pl\/index.php\/wp-json\/wp\/v2\/pages\/340\/revisions"}],"predecessor-version":[{"id":341,"href":"https:\/\/dreamphone.pl\/index.php\/wp-json\/wp\/v2\/pages\/340\/revisions\/341"}],"wp:attachment":[{"href":"https:\/\/dreamphone.pl\/index.php\/wp-json\/wp\/v2\/media?parent=340"}],"curies":[{"name":"wp","href":"https:\/\/api.w.org\/{rel}","templated":true}]}}